{"id":205,"date":"2017-06-02T09:47:12","date_gmt":"2017-06-02T09:47:12","guid":{"rendered":"http:\/\/unclebillsap.wpengine.com\/about-us\/"},"modified":"2024-07-31T02:34:49","modified_gmt":"2024-07-31T02:34:49","slug":"about-us","status":"publish","type":"page","link":"https:\/\/unclebillsap.com\/es\/about-us\/","title":{"rendered":"Sobre nosotros"},"content":{"rendered":"<div class='content-column full_width'><p>Uncle Bills es un especialista global en desarrollo, abastecimiento y log\u00edstica de productos, con infraestructuras de consolidaci\u00f3n \u00fanicas en China.<\/p>\n<p>Tenemos oficinas y salones de muestras en Australia, Nueva Zelanda y China, con oficinas locales en otros mercados, entre ellos, Reino Unido, Canad\u00e1 y Estados Unidos.<\/p>\n<p>Hemos establecido marcas, como Action Sports y Red Corner, junto con nuestras marcas \u201cgama de art\u00edculos esenciales\u201d y \u201cmarcas propias\u201d.<\/p>\n<p>Un experimentado equipo de compradores con experiencia de ventas a minoristas, que puede colaborar con nuestros clientes.<\/p>\n<p>Somos un galardonado proveedor, trabajando con los principales minoristas a nivel mundial.<\/p>\n<p>Adquirimos productos de todo el mundo y trabajamos estrechamente con nuestras f\u00e1bricas asociadas, para tener productos de calidad a los mejores precios posibles.<\/p>\n<p>Un equipo de dise\u00f1adores propios ayuda a llevar nuestros productos al mercado.<\/p>\n<p>Nos comprometemos de antemano tanto financieramente como emocionalmente. Invertimos en personas, informaci\u00f3n e investigaciones de mercado para traer nuevos productos de tendencia para nuestros minoristas.<\/p>\n<p>Los responsables de la toma de decisiones trabajamos en la empresa, lo hacemos de forma simple, y estamos orgullosos de ser capaces de cumplir lo que prometemos.<\/p>\n<p>\u201cSimplemente preg\u00fantenos\u2026 nosotros le abastecemos\u201d<\/p><\/div>\n","protected":false},"excerpt":{"rendered":"","protected":false},"author":2,"featured_media":684,"parent":0,"menu_order":0,"comment_status":"closed","ping_status":"closed","template":"page-about.php","meta":{"footnotes":""},"class_list":["post-205","page","type-page","status-publish","has-post-thumbnail","hentry"],"acf":[],"_links":{"self":[{"href":"https:\/\/unclebillsap.com\/es\/wp-json\/wp\/v2\/pages\/205","targetHints":{"allow":["GET"]}}],"collection":[{"href":"https:\/\/unclebillsap.com\/es\/wp-json\/wp\/v2\/pages"}],"about":[{"href":"https:\/\/unclebillsap.com\/es\/wp-json\/wp\/v2\/types\/page"}],"author":[{"embeddable":true,"href":"https:\/\/unclebillsap.com\/es\/wp-json\/wp\/v2\/users\/2"}],"replies":[{"embeddable":true,"href":"https:\/\/unclebillsap.com\/es\/wp-json\/wp\/v2\/comments?post=205"}],"version-history":[{"count":0,"href":"https:\/\/unclebillsap.com\/es\/wp-json\/wp\/v2\/pages\/205\/revisions"}],"wp:featuredmedia":[{"embeddable":true,"href":"https:\/\/unclebillsap.com\/es\/wp-json\/wp\/v2\/media\/684"}],"wp:attachment":[{"href":"https:\/\/unclebillsap.com\/es\/wp-json\/wp\/v2\/media?parent=205"}],"curies":[{"name":"wp","href":"https:\/\/api.w.org\/{rel}","templated":true}]}}