{"id":203,"date":"2017-06-02T09:47:12","date_gmt":"2017-06-02T09:47:12","guid":{"rendered":"http:\/\/unclebillsap.wpengine.com\/about-us\/"},"modified":"2024-07-31T02:33:04","modified_gmt":"2024-07-31T02:33:04","slug":"about-us","status":"publish","type":"page","link":"https:\/\/unclebillsap.com\/fr\/about-us\/","title":{"rendered":"\u00c0 propos"},"content":{"rendered":"<div class='content-column full_width'><p>Uncle Bills est un sp\u00e9cialiste mondial du d\u00e9veloppement, de l\u2019approvisionnement et de la logistique de produits avec des installations de consolidation uniques en Chine.<\/p>\n<p>Nous disposons de bureaux et de vitrines en Australie, en Nouvelle-Z\u00e9lande et en Chine, avec des agences locales dans d\u2019autres march\u00e9s, notamment au Royaume-Uni, au Canada et aux \u00c9tats-Unis.<\/p>\n<p>Nous proposons des marques \u00e9tablies, comme Action Sports et Red Corner, ainsi que notre gamme \u00ab\u00a0r\u00e9assort\u00bb en marque propre.<\/p>\n<p>Une \u00e9quipe d\u2019achat comp\u00e9tente avec une exp\u00e9rience dans la vente au d\u00e9tail, et pouvant collaborer avec nos clients.<\/p>\n<p>Nous sommes un fournisseur renomm\u00e9 travaillant avec les principaux distributeurs dans le monde entier.<\/p>\n<p>Nous nous approvisionnons dans le monde entier et collaborons \u00e9troitement avec nos usines partenaires pour garantir des produits de qualit\u00e9 au meilleur prix possible.<\/p>\n<p>Une \u00e9quipe de concepteurs internes contribue \u00e0 mettre nos produits sur le march\u00e9.<\/p>\n<p>Nous nous engageons avant tout \u00e9motionnellement et financi\u00e8rement. Nous investissons dans notre equipe, dans les donn\u00e9es, dans les \u00e9tudes de march\u00e9 pour apporter des produits nouveaux et tendance \u00e0 nos clients.<\/p>\n<p>Les preneurs de d\u00e9cisions travaillent dans l\u2019entreprise, nous restons simples et sommes fiers d\u2019\u00eatre en mesure de livrer ce que nous promettons.<\/p>\n<p>&nbsp;<\/p><\/div>\n","protected":false},"excerpt":{"rendered":"","protected":false},"author":2,"featured_media":684,"parent":0,"menu_order":0,"comment_status":"closed","ping_status":"closed","template":"page-about.php","meta":{"footnotes":""},"class_list":["post-203","page","type-page","status-publish","has-post-thumbnail","hentry"],"acf":[],"_links":{"self":[{"href":"https:\/\/unclebillsap.com\/fr\/wp-json\/wp\/v2\/pages\/203","targetHints":{"allow":["GET"]}}],"collection":[{"href":"https:\/\/unclebillsap.com\/fr\/wp-json\/wp\/v2\/pages"}],"about":[{"href":"https:\/\/unclebillsap.com\/fr\/wp-json\/wp\/v2\/types\/page"}],"author":[{"embeddable":true,"href":"https:\/\/unclebillsap.com\/fr\/wp-json\/wp\/v2\/users\/2"}],"replies":[{"embeddable":true,"href":"https:\/\/unclebillsap.com\/fr\/wp-json\/wp\/v2\/comments?post=203"}],"version-history":[{"count":0,"href":"https:\/\/unclebillsap.com\/fr\/wp-json\/wp\/v2\/pages\/203\/revisions"}],"wp:featuredmedia":[{"embeddable":true,"href":"https:\/\/unclebillsap.com\/fr\/wp-json\/wp\/v2\/media\/684"}],"wp:attachment":[{"href":"https:\/\/unclebillsap.com\/fr\/wp-json\/wp\/v2\/media?parent=203"}],"curies":[{"name":"wp","href":"https:\/\/api.w.org\/{rel}","templated":true}]}}